{"id":120,"date":"2025-09-30T11:35:35","date_gmt":"2025-09-30T11:35:35","guid":{"rendered":"https:\/\/www.centremoussalaha.gov.ma\/fr\/?page_id=120"},"modified":"2025-11-04T09:44:10","modified_gmt":"2025-11-04T09:44:10","slug":"conseil-dorientation","status":"publish","type":"page","link":"https:\/\/www.centremoussalaha.gov.ma\/fr\/conseil-dorientation\/","title":{"rendered":"Conseil d\u2019orientation"},"content":{"rendered":"<p dir=\"ltr\" style=\"text-align: justify\">Le Centre est plac\u00e9 sous la supervision d\u2019un Conseil d\u2019orientation, pr\u00e9sid\u00e9 par le Secr\u00e9taire G\u00e9n\u00e9ral de la Rabita Mohammadia des Oul\u00e9mas. Dot\u00e9 de comp\u00e9tences d\u00e9lib\u00e9ratives et d\u00e9cisionnelles, ce Conseil dispose de l\u2019autonomie n\u00e9cessaire pour assurer une gestion optimale de ses activit\u00e9s.<\/p>\n<p dir=\"ltr\" style=\"text-align: justify\">Il r\u00e9unit les partenaires permanents du programme \u00ab Moussalaha \u00bb, \u00e0 savoir : la Rabita Mohammadia des Oul\u00e9mas, la D\u00e9l\u00e9gation G\u00e9n\u00e9rale \u00e0 l\u2019Administration P\u00e9nitentiaire et \u00e0 la R\u00e9insertion, la Fondation Mohammed VI pour la R\u00e9insertion des D\u00e9tenus, le Conseil National des Droits de l\u2019Homme ainsi que la Direction G\u00e9n\u00e9rale de la Surveillance du Territoire. Les principales missions du Conseil d\u2019orientation sont les suivantes :<\/p>\n<ul dir=\"ltr\">\n<li style=\"text-align: justify\">D\u00e9finir la strat\u00e9gie d&rsquo;action du Centre, en fixant ses grandes orientations et en hi\u00e9rarchisant ses priorit\u00e9s pour accomplir sa mission\u00a0;<\/li>\n<li style=\"text-align: justify\">\u00c9laborer les plans de travail annuels et pluriannuels, tout en assurant leur suivi et leur \u00e9valuation r\u00e9guli\u00e8re\u00a0;<\/li>\n<li style=\"text-align: justify\">Approuver le r\u00e8glement int\u00e9rieur du Centre\u00a0;<\/li>\n<li style=\"text-align: justify\">Nommer les membres du Comit\u00e9 scientifique\u00a0;<\/li>\n<li style=\"text-align: justify\">Approuver le budget ainsi que les comptes annuels\u00a0;<\/li>\n<li style=\"text-align: justify\">Valider les conventions de coop\u00e9ration et de partenariat conclues par le Centre\u00a0;<\/li>\n<li style=\"text-align: justify\">Assurer un contr\u00f4le permanent de la gestion du Centre et en mesurer la performance\u00a0;<\/li>\n<li style=\"text-align: justify\">Examiner et approuver le rapport annuel d\u2019activit\u00e9s pr\u00e9sent\u00e9 par le directeur du Centre\u00a0;<\/li>\n<li style=\"text-align: justify\">Prendre toutes les mesures qu&rsquo;il juge n\u00e9cessaires au d\u00e9veloppement et \u00e0 l&rsquo;am\u00e9lioration de la qualit\u00e9 du travail du Centre\u00a0;<\/li>\n<li style=\"text-align: justify\">Soumettre p\u00e9riodiquement les comptes et les activit\u00e9s du Centre \u00e0 un audit externe\u00a0;<\/li>\n<li style=\"text-align: justify\">D\u00e9cider de l\u2019acceptation des dons et legs.<\/li>\n<\/ul>\n","protected":false},"excerpt":{"rendered":"<p>Le Centre est plac\u00e9 sous la supervision d\u2019un Conseil d\u2019orientation, pr\u00e9sid\u00e9 par le Secr\u00e9taire G\u00e9n\u00e9ral de la Rabita Mohammadia des Oul\u00e9mas. Dot\u00e9 de comp\u00e9tences d\u00e9lib\u00e9ratives et d\u00e9cisionnelles, ce Conseil dispose de l\u2019autonomie n\u00e9cessaire pour assurer une gestion optimale de ses activit\u00e9s. Il r\u00e9unit les partenaires permanents du programme \u00ab Moussalaha \u00bb, \u00e0 savoir : la &hellip;<\/p>\n","protected":false},"author":1,"featured_media":0,"parent":0,"menu_order":0,"comment_status":"closed","ping_status":"closed","template":"","meta":{"inline_featured_image":false,"footnotes":""},"class_list":["post-120","page","type-page","status-publish","hentry"],"yoast_head":"<!-- This site is optimized with the Yoast SEO plugin v27.0 - https:\/\/yoast.com\/product\/yoast-seo-wordpress\/ -->\n<title>Conseil d\u2019orientation - moussalaha fr<\/title>\n<meta name=\"robots\" content=\"index, follow, max-snippet:-1, max-image-preview:large, max-video-preview:-1\" \/>\n<link rel=\"canonical\" href=\"https:\/\/www.centremoussalaha.gov.ma\/fr\/conseil-dorientation\/\" \/>\n<meta property=\"og:locale\" content=\"fr_FR\" \/>\n<meta property=\"og:type\" content=\"article\" \/>\n<meta property=\"og:title\" content=\"Conseil d\u2019orientation - moussalaha fr\" \/>\n<meta property=\"og:description\" content=\"Le Centre est plac\u00e9 sous la supervision d\u2019un Conseil d\u2019orientation, pr\u00e9sid\u00e9 par le Secr\u00e9taire G\u00e9n\u00e9ral de la Rabita Mohammadia des Oul\u00e9mas. Dot\u00e9 de comp\u00e9tences d\u00e9lib\u00e9ratives et d\u00e9cisionnelles, ce Conseil dispose de l\u2019autonomie n\u00e9cessaire pour assurer une gestion optimale de ses activit\u00e9s. Il r\u00e9unit les partenaires permanents du programme \u00ab Moussalaha \u00bb, \u00e0 savoir : la &hellip;\" \/>\n<meta property=\"og:url\" content=\"https:\/\/www.centremoussalaha.gov.ma\/fr\/conseil-dorientation\/\" \/>\n<meta property=\"og:site_name\" content=\"moussalaha fr\" \/>\n<meta property=\"article:modified_time\" content=\"2025-11-04T09:44:10+00:00\" \/>\n<meta name=\"twitter:card\" content=\"summary_large_image\" \/>\n<meta name=\"twitter:label1\" content=\"Dur\u00e9e de lecture estim\u00e9e\" \/>\n\t<meta name=\"twitter:data1\" content=\"2 minutes\" \/>\n<script type=\"application\/ld+json\" class=\"yoast-schema-graph\">{\"@context\":\"https:\/\/schema.org\",\"@graph\":[{\"@type\":\"WebPage\",\"@id\":\"https:\/\/www.centremoussalaha.gov.ma\/fr\/conseil-dorientation\/\",\"url\":\"https:\/\/www.centremoussalaha.gov.ma\/fr\/conseil-dorientation\/\",\"name\":\"Conseil d\u2019orientation - moussalaha fr\",\"isPartOf\":{\"@id\":\"https:\/\/www.centremoussalaha.gov.ma\/fr\/#website\"},\"datePublished\":\"2025-09-30T11:35:35+00:00\",\"dateModified\":\"2025-11-04T09:44:10+00:00\",\"breadcrumb\":{\"@id\":\"https:\/\/www.centremoussalaha.gov.ma\/fr\/conseil-dorientation\/#breadcrumb\"},\"inLanguage\":\"fr-FR\",\"potentialAction\":[{\"@type\":\"ReadAction\",\"target\":[\"https:\/\/www.centremoussalaha.gov.ma\/fr\/conseil-dorientation\/\"]}]},{\"@type\":\"BreadcrumbList\",\"@id\":\"https:\/\/www.centremoussalaha.gov.ma\/fr\/conseil-dorientation\/#breadcrumb\",\"itemListElement\":[{\"@type\":\"ListItem\",\"position\":1,\"name\":\"Home\",\"item\":\"https:\/\/www.centremoussalaha.gov.ma\/fr\/\"},{\"@type\":\"ListItem\",\"position\":2,\"name\":\"Conseil d\u2019orientation\"}]},{\"@type\":\"WebSite\",\"@id\":\"https:\/\/www.centremoussalaha.gov.ma\/fr\/#website\",\"url\":\"https:\/\/www.centremoussalaha.gov.ma\/fr\/\",\"name\":\"moussalaha fr\",\"description\":\"\",\"potentialAction\":[{\"@type\":\"SearchAction\",\"target\":{\"@type\":\"EntryPoint\",\"urlTemplate\":\"https:\/\/www.centremoussalaha.gov.ma\/fr\/?s={search_term_string}\"},\"query-input\":{\"@type\":\"PropertyValueSpecification\",\"valueRequired\":true,\"valueName\":\"search_term_string\"}}],\"inLanguage\":\"fr-FR\"}]}<\/script>\n<!-- \/ Yoast SEO plugin. -->","yoast_head_json":{"title":"Conseil d\u2019orientation - moussalaha fr","robots":{"index":"index","follow":"follow","max-snippet":"max-snippet:-1","max-image-preview":"max-image-preview:large","max-video-preview":"max-video-preview:-1"},"canonical":"https:\/\/www.centremoussalaha.gov.ma\/fr\/conseil-dorientation\/","og_locale":"fr_FR","og_type":"article","og_title":"Conseil d\u2019orientation - moussalaha fr","og_description":"Le Centre est plac\u00e9 sous la supervision d\u2019un Conseil d\u2019orientation, pr\u00e9sid\u00e9 par le Secr\u00e9taire G\u00e9n\u00e9ral de la Rabita Mohammadia des Oul\u00e9mas. Dot\u00e9 de comp\u00e9tences d\u00e9lib\u00e9ratives et d\u00e9cisionnelles, ce Conseil dispose de l\u2019autonomie n\u00e9cessaire pour assurer une gestion optimale de ses activit\u00e9s. Il r\u00e9unit les partenaires permanents du programme \u00ab Moussalaha \u00bb, \u00e0 savoir : la &hellip;","og_url":"https:\/\/www.centremoussalaha.gov.ma\/fr\/conseil-dorientation\/","og_site_name":"moussalaha fr","article_modified_time":"2025-11-04T09:44:10+00:00","twitter_card":"summary_large_image","twitter_misc":{"Dur\u00e9e de lecture estim\u00e9e":"2 minutes"},"schema":{"@context":"https:\/\/schema.org","@graph":[{"@type":"WebPage","@id":"https:\/\/www.centremoussalaha.gov.ma\/fr\/conseil-dorientation\/","url":"https:\/\/www.centremoussalaha.gov.ma\/fr\/conseil-dorientation\/","name":"Conseil d\u2019orientation - moussalaha fr","isPartOf":{"@id":"https:\/\/www.centremoussalaha.gov.ma\/fr\/#website"},"datePublished":"2025-09-30T11:35:35+00:00","dateModified":"2025-11-04T09:44:10+00:00","breadcrumb":{"@id":"https:\/\/www.centremoussalaha.gov.ma\/fr\/conseil-dorientation\/#breadcrumb"},"inLanguage":"fr-FR","potentialAction":[{"@type":"ReadAction","target":["https:\/\/www.centremoussalaha.gov.ma\/fr\/conseil-dorientation\/"]}]},{"@type":"BreadcrumbList","@id":"https:\/\/www.centremoussalaha.gov.ma\/fr\/conseil-dorientation\/#breadcrumb","itemListElement":[{"@type":"ListItem","position":1,"name":"Home","item":"https:\/\/www.centremoussalaha.gov.ma\/fr\/"},{"@type":"ListItem","position":2,"name":"Conseil d\u2019orientation"}]},{"@type":"WebSite","@id":"https:\/\/www.centremoussalaha.gov.ma\/fr\/#website","url":"https:\/\/www.centremoussalaha.gov.ma\/fr\/","name":"moussalaha fr","description":"","potentialAction":[{"@type":"SearchAction","target":{"@type":"EntryPoint","urlTemplate":"https:\/\/www.centremoussalaha.gov.ma\/fr\/?s={search_term_string}"},"query-input":{"@type":"PropertyValueSpecification","valueRequired":true,"valueName":"search_term_string"}}],"inLanguage":"fr-FR"}]}},"_links":{"self":[{"href":"https:\/\/www.centremoussalaha.gov.ma\/fr\/wp-json\/wp\/v2\/pages\/120","targetHints":{"allow":["GET"]}}],"collection":[{"href":"https:\/\/www.centremoussalaha.gov.ma\/fr\/wp-json\/wp\/v2\/pages"}],"about":[{"href":"https:\/\/www.centremoussalaha.gov.ma\/fr\/wp-json\/wp\/v2\/types\/page"}],"author":[{"embeddable":true,"href":"https:\/\/www.centremoussalaha.gov.ma\/fr\/wp-json\/wp\/v2\/users\/1"}],"replies":[{"embeddable":true,"href":"https:\/\/www.centremoussalaha.gov.ma\/fr\/wp-json\/wp\/v2\/comments?post=120"}],"version-history":[{"count":5,"href":"https:\/\/www.centremoussalaha.gov.ma\/fr\/wp-json\/wp\/v2\/pages\/120\/revisions"}],"predecessor-version":[{"id":16734,"href":"https:\/\/www.centremoussalaha.gov.ma\/fr\/wp-json\/wp\/v2\/pages\/120\/revisions\/16734"}],"wp:attachment":[{"href":"https:\/\/www.centremoussalaha.gov.ma\/fr\/wp-json\/wp\/v2\/media?parent=120"}],"curies":[{"name":"wp","href":"https:\/\/api.w.org\/{rel}","templated":true}]}}